{"id":9,"date":"2020-02-19T12:43:32","date_gmt":"2020-02-19T11:43:32","guid":{"rendered":"http:\/\/fidjs.be\/?page_id=9"},"modified":"2020-03-04T14:28:38","modified_gmt":"2020-03-04T13:28:38","slug":"nos-services","status":"publish","type":"page","link":"https:\/\/fidjs.be\/index.php\/nos-services\/","title":{"rendered":"Nos services"},"content":{"rendered":"\r\n<p><strong>Cr\u00e9ation de votre entreprise<\/strong><\/p>\r\n\r\n\r\n\r\n<p>Vous avez un projet et vous ne savez pas par o\u00f9 commencer ou quelles formalit\u00e9s \u00e0 remplir\u00a0?<\/p>\r\n\r\n\r\n\r\n<p>Nous vous aiderons \u00e0 choisir la structure juridique la plus ad\u00e9quate \u00e0 vos activit\u00e9s et nous vous \u00e9paulerons \u00e9galement pour \u00e9tablir votre plan financier et pour trouver les aides et les financements dont vous pouvez b\u00e9n\u00e9ficier.<\/p>\r\n\r\n\r\n\r\n<p><strong>Votre comptabilit\u00e9<\/strong><\/p>\r\n\r\n\r\n\r\n<p>La gestion d\u2019un entreprise est soumise \u00e0 diverses obligations comptables, fiscales, sociales, etc.<\/p>\r\n\r\n\r\n\r\n<p>Gr\u00e2ce \u00e0 nos services, vous ne devrez plus vous en soucier.<\/p>\r\n\r\n\r\n\r\n<p>L&rsquo;ensemble de vos documents sera trait\u00e9 dans les d\u00e9lais et transmis aupr\u00e8s des diff\u00e9rentes administrations.<\/p>\r\n\r\n\r\n\r\n<p>En fonction de votre situation, nous vous conseillerons afin de vous aider \u00e0 prendre les d\u00e9cisions importantes.<\/p>\r\n\r\n\r\n\r\n<p><strong>Votre fiscalit\u00e9<\/strong><\/p>\r\n\r\n\r\n\r\n<p>L\u2019Administration nous impose \u00e0 tous de rentrer des d\u00e9clarations fiscales dans des d\u00e9lais impartis.<\/p>\r\n\r\n\r\n\r\n<p>Mati\u00e8re bien complexe et en constante \u00e9volution, la fiscalit\u00e9 est souvent difficile \u00e0 appr\u00e9hender.<\/p>\r\n\r\n\r\n\r\n<p>Nous sommes l\u00e0 pour vous aider \u00e0 remplir toutes ces formalit\u00e9s et \u00e0 optimiser votre d\u00e9claration fiscale.<\/p>\r\n\r\n\r\n\r\n\r\n\r\n<p>Nous \u00e9tablissons les d\u00e9clarations, tant pour les personnes physique que pour les soci\u00e9t\u00e9s et vous communiquons le calcul d\u2019imp\u00f4ts provisoire.<\/p>\r\n\r\n\r\n\r\n<p>Pour les soci\u00e9t\u00e9s, nous \u00e9tablissons le bilan annuel que nous d\u00e9posons aupr\u00e8s de la Banque Nationale de Belgique.<\/p>\r\n\r\n\r\n\r\n<p>Nous sommes \u00e9galement \u00e0 vos c\u00f4t\u00e9s lors des contr\u00f4les de l&rsquo;administration et en cas de d\u00e9saccord avec celle-ci.<\/p>\r\n\r\n\r\n","protected":false},"excerpt":{"rendered":"<p>Cr\u00e9ation de votre entreprise Vous avez un projet et vous ne savez pas par o\u00f9 commencer ou quelles formalit\u00e9s \u00e0 remplir\u00a0? Nous vous aiderons \u00e0 choisir la structure juridique la plus ad\u00e9quate \u00e0 vos activit\u00e9s et nous vous \u00e9paulerons \u00e9galement pour \u00e9tablir votre plan financier et pour trouver les aides et les financements dont vous [&hellip;]<\/p>\n","protected":false},"author":1,"featured_media":0,"parent":0,"menu_order":0,"comment_status":"closed","ping_status":"closed","template":"","meta":{"footnotes":""},"class_list":["post-9","page","type-page","status-publish","hentry"],"_links":{"self":[{"href":"https:\/\/fidjs.be\/index.php\/wp-json\/wp\/v2\/pages\/9","targetHints":{"allow":["GET"]}}],"collection":[{"href":"https:\/\/fidjs.be\/index.php\/wp-json\/wp\/v2\/pages"}],"about":[{"href":"https:\/\/fidjs.be\/index.php\/wp-json\/wp\/v2\/types\/page"}],"author":[{"embeddable":true,"href":"https:\/\/fidjs.be\/index.php\/wp-json\/wp\/v2\/users\/1"}],"replies":[{"embeddable":true,"href":"https:\/\/fidjs.be\/index.php\/wp-json\/wp\/v2\/comments?post=9"}],"version-history":[{"count":4,"href":"https:\/\/fidjs.be\/index.php\/wp-json\/wp\/v2\/pages\/9\/revisions"}],"predecessor-version":[{"id":170,"href":"https:\/\/fidjs.be\/index.php\/wp-json\/wp\/v2\/pages\/9\/revisions\/170"}],"wp:attachment":[{"href":"https:\/\/fidjs.be\/index.php\/wp-json\/wp\/v2\/media?parent=9"}],"curies":[{"name":"wp","href":"https:\/\/api.w.org\/{rel}","templated":true}]}}