{"id":8,"date":"2020-02-19T12:43:32","date_gmt":"2020-02-19T11:43:32","guid":{"rendered":"http:\/\/fidjs.be\/?page_id=8"},"modified":"2025-12-11T18:39:14","modified_gmt":"2025-12-11T17:39:14","slug":"equipe","status":"publish","type":"page","link":"https:\/\/fidjs.be\/index.php\/equipe\/","title":{"rendered":"Equipe"},"content":{"rendered":"\r\n<p>Une \u00e9quipe de comptables fiscalistes qualifi\u00e9s \u00e0 votre \u00e9coute.<\/p>\r\n<p>Vous avez ainsi l&rsquo;assurance de b\u00e9n\u00e9ficier des meilleurs conseils et de toute l\u2019\u00e9coute n\u00e9cessaire en fonction de vos besoins.<\/p>\r\n<p>\r\n\r\n<\/p>\r\n<p>&nbsp;<\/p>\r\n<p>\r\n\r\n<\/p>\r\n<p>Une question ? Un avis ? Contactez-les au 069\/34.45.67 ou par mail.\u00a0<\/p>\r\n<p><\/p>\r\n<p>&nbsp;<\/p>\r\n<p><\/p>\r\n<p>&nbsp;<\/p>\r\n<p>\r\n\r\n<\/p>\r\n<figure class=\"wp-block-table aligncenter\">\r\n<table>\r\n<tbody>\r\n<tr>\r\n<td class=\"has-text-align-center\" data-align=\"center\">\r\n<p><a href=\"melodie@fidjs.be\"><img loading=\"lazy\" decoding=\"async\" class=\"aligncenter wp-image-140\" style=\"text-align: center;\" src=\"http:\/\/fidjs.be\/wp-content\/uploads\/2020\/02\/MELODIE-2-225x300.jpg\" alt=\"\" width=\"150\" height=\"200\" srcset=\"https:\/\/fidjs.be\/wp-content\/uploads\/2020\/02\/MELODIE-2-225x300.jpg 225w, https:\/\/fidjs.be\/wp-content\/uploads\/2020\/02\/MELODIE-2.jpg 300w\" sizes=\"auto, (max-width: 150px) 100vw, 150px\" \/><\/a><\/p>\r\n<\/td>\r\n<td class=\"has-text-align-center\" data-align=\"center\">\r\n<p><a href=\"vanessa@fidjs.be\"><img loading=\"lazy\" decoding=\"async\" class=\"wp-image-142 aligncenter\" style=\"text-align: center;\" src=\"http:\/\/fidjs.be\/wp-content\/uploads\/2020\/02\/VANESSA-2-225x300.jpg\" alt=\"\" width=\"150\" height=\"200\" srcset=\"https:\/\/fidjs.be\/wp-content\/uploads\/2020\/02\/VANESSA-2-225x300.jpg 225w, https:\/\/fidjs.be\/wp-content\/uploads\/2020\/02\/VANESSA-2.jpg 300w\" sizes=\"auto, (max-width: 150px) 100vw, 150px\" \/><\/a><\/p>\r\n<\/td>\r\n<td class=\"has-text-align-center\" data-align=\"center\">\r\n<p><a href=\"simon@fidjs.be\"><img loading=\"lazy\" decoding=\"async\" class=\"wp-image-141 aligncenter\" src=\"http:\/\/fidjs.be\/wp-content\/uploads\/2020\/02\/SIMON-2-225x300.jpg\" alt=\"\" width=\"150\" height=\"200\" srcset=\"https:\/\/fidjs.be\/wp-content\/uploads\/2020\/02\/SIMON-2-225x300.jpg 225w, https:\/\/fidjs.be\/wp-content\/uploads\/2020\/02\/SIMON-2.jpg 300w\" sizes=\"auto, (max-width: 150px) 100vw, 150px\" \/><\/a><\/p>\r\n<\/td>\r\n<\/tr>\r\n<tr>\r\n<td class=\"has-text-align-center\" data-align=\"center\">\r\n<h4 style=\"text-align: center;\"><a style=\"font-size: revert; font-family: inherit; font-weight: inherit;\" href=\"melodie@fidjs.be\"><strong>M\u00e9lodie Seco<\/strong><\/a><\/h4>\r\n<h4 style=\"text-align: center;\"><strong>Expert-Comptable <br \/><\/strong><\/h4>\r\n<h4 style=\"text-align: center;\"><strong>ITAA 11106092<\/strong><\/h4>\r\n<\/td>\r\n<td class=\"has-text-align-center\" style=\"text-align: center;\" data-align=\"center\">\r\n<h4><a style=\"font-size: revert; font-family: inherit; font-weight: inherit;\" href=\"vanessa@fidjs.be\"><strong>Vanessa Lefebvre<\/strong><\/a><\/h4>\r\n<h4 style=\"text-align: center;\"><strong>Gestionnaire <\/strong><\/h4>\r\n<h4 style=\"text-align: center;\"><strong>de dossiers<\/strong><\/h4>\r\n<\/td>\r\n<td class=\"has-text-align-center\" data-align=\"center\">\r\n<h4 style=\"text-align: center;\"><a style=\"font-size: revert; font-family: inherit; font-weight: inherit;\" href=\"simon@fidjs.be\"><strong>Simon Jacquart<\/strong><\/a><\/h4>\r\n<h4 style=\"text-align: center;\"><strong>Consultant<\/strong><\/h4>\r\n<p>&nbsp;<\/p>\r\n<\/td>\r\n<\/tr>\r\n<\/tbody>\r\n<\/table>\r\n<\/figure>\r\n<p><\/p>","protected":false},"excerpt":{"rendered":"<p>Une \u00e9quipe de comptables fiscalistes qualifi\u00e9s \u00e0 votre \u00e9coute. Vous avez ainsi l&rsquo;assurance de b\u00e9n\u00e9ficier des meilleurs conseils et de toute l\u2019\u00e9coute n\u00e9cessaire en fonction de vos besoins. &nbsp; Une question ? Un avis ? Contactez-les au 069\/34.45.67 ou par mail.\u00a0 &nbsp; &nbsp; M\u00e9lodie Seco Expert-Comptable ITAA 11106092 Vanessa Lefebvre Gestionnaire de dossiers Simon Jacquart [&hellip;]<\/p>\n","protected":false},"author":1,"featured_media":0,"parent":0,"menu_order":0,"comment_status":"closed","ping_status":"closed","template":"","meta":{"footnotes":""},"class_list":["post-8","page","type-page","status-publish","hentry"],"_links":{"self":[{"href":"https:\/\/fidjs.be\/index.php\/wp-json\/wp\/v2\/pages\/8","targetHints":{"allow":["GET"]}}],"collection":[{"href":"https:\/\/fidjs.be\/index.php\/wp-json\/wp\/v2\/pages"}],"about":[{"href":"https:\/\/fidjs.be\/index.php\/wp-json\/wp\/v2\/types\/page"}],"author":[{"embeddable":true,"href":"https:\/\/fidjs.be\/index.php\/wp-json\/wp\/v2\/users\/1"}],"replies":[{"embeddable":true,"href":"https:\/\/fidjs.be\/index.php\/wp-json\/wp\/v2\/comments?post=8"}],"version-history":[{"count":33,"href":"https:\/\/fidjs.be\/index.php\/wp-json\/wp\/v2\/pages\/8\/revisions"}],"predecessor-version":[{"id":273,"href":"https:\/\/fidjs.be\/index.php\/wp-json\/wp\/v2\/pages\/8\/revisions\/273"}],"wp:attachment":[{"href":"https:\/\/fidjs.be\/index.php\/wp-json\/wp\/v2\/media?parent=8"}],"curies":[{"name":"wp","href":"https:\/\/api.w.org\/{rel}","templated":true}]}}